{"id":85,"date":"2019-12-06T17:15:25","date_gmt":"2019-12-06T17:15:25","guid":{"rendered":"http:\/\/sqd-test.earl-bernie-twirlers.de\/?page_id=85"},"modified":"2021-10-30T14:48:51","modified_gmt":"2021-10-30T14:48:51","slug":"interner-bereich","status":"publish","type":"page","link":"https:\/\/www.earl-bernie-twirlers.de\/?page_id=85","title":{"rendered":"Interner Bereich"},"content":{"rendered":"\n<p>Hier entsteht in K\u00fcrze ein Bereich nur f\u00fcr die registrierte Mitglieder des Vereins. <br>Dort k\u00f6nnen dann Informationen und Dokumente ausgetauscht werden, die nicht f\u00fcr die \u00d6ffentlichkeit zug\u00e4nglich sein sollen.<\/p>\n\n\n\n<p>Der Zugriff erfolgt dann Kennwortgesch\u00fctzt. <a href=\"\/?page_id=211\">Intern<\/a><\/p>\n","protected":false},"excerpt":{"rendered":"<p>Hier entsteht in K\u00fcrze ein Bereich nur f\u00fcr die registrierte Mitglieder des Vereins. Dort k\u00f6nnen dann Informationen und Dokumente ausgetauscht werden, die nicht f\u00fcr die \u00d6ffentlichkeit zug\u00e4nglich sein sollen. Der Zugriff erfolgt dann Kennwortgesch\u00fctzt. Intern<\/p>\n","protected":false},"author":2,"featured_media":0,"parent":56,"menu_order":0,"comment_status":"closed","ping_status":"closed","template":"","meta":{"footnotes":""},"categories":[],"tags":[],"class_list":["post-85","page","type-page","status-publish","hentry"],"_links":{"self":[{"href":"https:\/\/www.earl-bernie-twirlers.de\/index.php?rest_route=\/wp\/v2\/pages\/85","targetHints":{"allow":["GET"]}}],"collection":[{"href":"https:\/\/www.earl-bernie-twirlers.de\/index.php?rest_route=\/wp\/v2\/pages"}],"about":[{"href":"https:\/\/www.earl-bernie-twirlers.de\/index.php?rest_route=\/wp\/v2\/types\/page"}],"author":[{"embeddable":true,"href":"https:\/\/www.earl-bernie-twirlers.de\/index.php?rest_route=\/wp\/v2\/users\/2"}],"replies":[{"embeddable":true,"href":"https:\/\/www.earl-bernie-twirlers.de\/index.php?rest_route=%2Fwp%2Fv2%2Fcomments&post=85"}],"version-history":[{"count":4,"href":"https:\/\/www.earl-bernie-twirlers.de\/index.php?rest_route=\/wp\/v2\/pages\/85\/revisions"}],"predecessor-version":[{"id":314,"href":"https:\/\/www.earl-bernie-twirlers.de\/index.php?rest_route=\/wp\/v2\/pages\/85\/revisions\/314"}],"up":[{"embeddable":true,"href":"https:\/\/www.earl-bernie-twirlers.de\/index.php?rest_route=\/wp\/v2\/pages\/56"}],"wp:attachment":[{"href":"https:\/\/www.earl-bernie-twirlers.de\/index.php?rest_route=%2Fwp%2Fv2%2Fmedia&parent=85"}],"wp:term":[{"taxonomy":"category","embeddable":true,"href":"https:\/\/www.earl-bernie-twirlers.de\/index.php?rest_route=%2Fwp%2Fv2%2Fcategories&post=85"},{"taxonomy":"post_tag","embeddable":true,"href":"https:\/\/www.earl-bernie-twirlers.de\/index.php?rest_route=%2Fwp%2Fv2%2Ftags&post=85"}],"curies":[{"name":"wp","href":"https:\/\/api.w.org\/{rel}","templated":true}]}}