{"id":61,"date":"2019-12-06T16:58:44","date_gmt":"2019-12-06T16:58:44","guid":{"rendered":"http:\/\/sqd-test.earl-bernie-twirlers.de\/?page_id=61"},"modified":"2020-01-20T09:45:36","modified_gmt":"2020-01-20T09:45:36","slug":"square-dance","status":"publish","type":"page","link":"https:\/\/www.earl-bernie-twirlers.de\/?page_id=61","title":{"rendered":"Square Dance"},"content":{"rendered":"\n<h4 class=\"wp-block-heading\">Ist das auch etwas f\u00fcr mich?<\/h4>\n\n\n\n<p>Jeder kann Square Dance lernen. Alles was Du brauchst, ist Spa\u00df an der Bewegung, das Alter ist (fast) egal. Hier erf\u00e4hrst Du, was Square Dance ist und wie Du zum Square Dancer wirst.  Englischkenntnisse sind nicht erforderlich, schaden kann es aber nat\u00fcrlich nicht. Alle notwendigen Begriffe und Tanzfiguren werden in einem <a href=\"https:\/\/www.earl-bernie-twirlers.de\/?page_id=124\">Kurs<\/a> gelehrt. <\/p>\n\n\n\n<p>Die Musik, zu der getanzt wird ist sehr vielf\u00e4ltig und kennt eigentlich kaum Tabus. Neben traditioneller Country Musik kommen so  auch Stile wie Disco, Pop, Rock, Rap, Swing oder Rock &#8217;n Roll zur Anwendung. Jeder Caller (Zurufer) hat da so sein eigenes Repertoire.<\/p>\n\n\n\n<div class=\"wp-block-image\"><figure class=\"alignright size-large\"><img fetchpriority=\"high\" decoding=\"async\" width=\"230\" height=\"235\" src=\"http:\/\/www.earl-bernie-twirlers.de\/wp-content\/uploads\/2020\/01\/square.jpg\" alt=\"\" class=\"wp-image-276\"\/><figcaption>4 Paare bilden einen Square<\/figcaption><\/figure><\/div>\n\n\n\n<p>Beim Square Dance bilden immer vier Paare, also je vier Boys und Girls einen Square miteinenader. Ein Square ist ein Quadrat, in dem sich zu Beginn des Tanzes jeweils zwei Paare gegen\u00fcber stehen. Ein Caller gibt musikalisch die Anweisungen, nach denen die T\u00e4nzer die einge\u00fcbten Figuren tanzen. <\/p>\n\n\n\n<div class=\"wp-block-image\"><figure class=\"alignleft size-large\"><img decoding=\"async\" width=\"232\" height=\"320\" src=\"http:\/\/www.earl-bernie-twirlers.de\/wp-content\/uploads\/2020\/01\/square-mit-caller.jpg\" alt=\"\" class=\"wp-image-267\" srcset=\"https:\/\/www.earl-bernie-twirlers.de\/wp-content\/uploads\/2020\/01\/square-mit-caller.jpg 232w, https:\/\/www.earl-bernie-twirlers.de\/wp-content\/uploads\/2020\/01\/square-mit-caller-218x300.jpg 218w\" sizes=\"(max-width: 232px) 100vw, 232px\" \/><figcaption>Square mit Caller und Paar-Nummern<\/figcaption><\/figure><\/div>\n\n\n\n<p>Die Paare haben gem\u00e4\u00df ihrer Ausgangsposition eine eindeutige Nummer. Das Paar, das mit dem R\u00fccken zu Caller steht, erh\u00e4lt die Nummer eins, die anderen erhalten gegen den Uhrzeigersinn die Nummern zwei bis vier. Die Paare mit ungeraden Nummern sind die <em><strong>Heads<\/strong><\/em>, die mit geraden die <strong><em>Sides<\/em><\/strong>. Diese Bezeichnungen sind w\u00e4hrend des Tanzes von Bedeutung, denn der Caller gibt seine Anweisungen nicht immer f\u00fcr alle Paare gleichzeitig, sondern oft getrennt f\u00fcr die Heads oder die Sides.<\/p>\n\n\n\n<p>Die Aufgabe des Callers besteht darin, aus den 69 Figuren des Grundprogramms (Mainstream) eine abwechslungsreiche Figurenfolge zusammenzustellen.  W\u00e4hrend des Tanzens wechseln T\u00e4nzerinnen und T\u00e4nzer je nach Figurenfolge ihre Position und ihren Tanzpartner. Zum Schluss des Tanzes sollten alle T\u00e4nzer mit ihren Partnerinnen wieder auf ihrer Ausgangsposition angekommen sein.  <\/p>\n\n\n\n<p>Die heutige Form des Square Dance stammt aus Amerika. Die Figuren entwickelten sich aus den vielen Volks- und h\u00f6fischen T\u00e4nzen der Einwanderer. Square Dance ist f\u00fcr T\u00e4nzer und Caller eine k\u00f6rperlich und mental anspruchsvolle, aber auch gesellige und fr\u00f6hliche Tanzform. Der Spa\u00df an Bewegung zur Musik und Gemeinschaft stehen dabei im Vordergrund.<\/p>\n\n\n\n<p>Square Dance ist also Fitness f\u00fcr Geist und K\u00f6rper, h\u00e4lt Dich k\u00f6rperlich und geistig fit, und ganz nebenbei werden auch noch Deine Englischkenntnisse aufgefrischt. Square Dance ist aber kein Leistungssport, Wettk\u00e4mpfe oder \u00c4hnliches gibt es nicht.<\/p>\n","protected":false},"excerpt":{"rendered":"<p>Ist das auch etwas f\u00fcr mich? Jeder kann Square Dance lernen. Alles was Du brauchst, ist Spa\u00df an der Bewegung, das Alter ist (fast) egal. Hier erf\u00e4hrst Du, was Square Dance ist und wie Du zum Square Dancer wirst. Englischkenntnisse sind nicht erforderlich, schaden kann es aber nat\u00fcrlich nicht. Alle notwendigen Begriffe und Tanzfiguren werden&hellip; <a href=\"https:\/\/www.earl-bernie-twirlers.de\/?page_id=61\" class=\"more-link\">Weiterlesen <span class=\"screen-reader-text\">Square Dance<\/span><\/a><\/p>\n","protected":false},"author":2,"featured_media":0,"parent":0,"menu_order":0,"comment_status":"closed","ping_status":"closed","template":"","meta":{"footnotes":""},"categories":[14],"tags":[5,20,21,19],"class_list":["post-61","page","type-page","status-publish","hentry","category-square-dance","tag-caller","tag-heads","tag-sides","tag-square"],"_links":{"self":[{"href":"https:\/\/www.earl-bernie-twirlers.de\/index.php?rest_route=\/wp\/v2\/pages\/61","targetHints":{"allow":["GET"]}}],"collection":[{"href":"https:\/\/www.earl-bernie-twirlers.de\/index.php?rest_route=\/wp\/v2\/pages"}],"about":[{"href":"https:\/\/www.earl-bernie-twirlers.de\/index.php?rest_route=\/wp\/v2\/types\/page"}],"author":[{"embeddable":true,"href":"https:\/\/www.earl-bernie-twirlers.de\/index.php?rest_route=\/wp\/v2\/users\/2"}],"replies":[{"embeddable":true,"href":"https:\/\/www.earl-bernie-twirlers.de\/index.php?rest_route=%2Fwp%2Fv2%2Fcomments&post=61"}],"version-history":[{"count":10,"href":"https:\/\/www.earl-bernie-twirlers.de\/index.php?rest_route=\/wp\/v2\/pages\/61\/revisions"}],"predecessor-version":[{"id":281,"href":"https:\/\/www.earl-bernie-twirlers.de\/index.php?rest_route=\/wp\/v2\/pages\/61\/revisions\/281"}],"wp:attachment":[{"href":"https:\/\/www.earl-bernie-twirlers.de\/index.php?rest_route=%2Fwp%2Fv2%2Fmedia&parent=61"}],"wp:term":[{"taxonomy":"category","embeddable":true,"href":"https:\/\/www.earl-bernie-twirlers.de\/index.php?rest_route=%2Fwp%2Fv2%2Fcategories&post=61"},{"taxonomy":"post_tag","embeddable":true,"href":"https:\/\/www.earl-bernie-twirlers.de\/index.php?rest_route=%2Fwp%2Fv2%2Ftags&post=61"}],"curies":[{"name":"wp","href":"https:\/\/api.w.org\/{rel}","templated":true}]}}