{"id":51,"date":"2019-12-06T15:33:29","date_gmt":"2019-12-06T15:33:29","guid":{"rendered":"http:\/\/sqd-test.earl-bernie-twirlers.de\/?page_id=51"},"modified":"2019-12-18T11:21:02","modified_gmt":"2019-12-18T11:21:02","slug":"caller-kalle","status":"publish","type":"page","link":"https:\/\/www.earl-bernie-twirlers.de\/?page_id=51","title":{"rendered":"Kalle ist unser Caller"},"content":{"rendered":"\n<div class=\"wp-block-image\"><figure class=\"alignleft size-large is-resized\"><img fetchpriority=\"high\" decoding=\"async\" src=\"http:\/\/www.earl-bernie-twirlers.de\/wp-content\/uploads\/2019\/12\/Callerfoto-s.jpg\" alt=\"\" class=\"wp-image-249\" width=\"215\" height=\"297\" srcset=\"https:\/\/www.earl-bernie-twirlers.de\/wp-content\/uploads\/2019\/12\/Callerfoto-s.jpg 439w, https:\/\/www.earl-bernie-twirlers.de\/wp-content\/uploads\/2019\/12\/Callerfoto-s-218x300.jpg 218w\" sizes=\"(max-width: 215px) 100vw, 215px\" \/><figcaption>Kalle voll konzentriert<\/figcaption><\/figure><\/div>\n\n\n\n<p>Kalle ist bereits seit 2002 aktiver ECTA-Caller und seit 2008 Certified Leader im EEP-Programm. Die ECTA steht f\u00fcr <strong><em>European Caller &amp; Teacher Association<\/em><\/strong>, EEP f\u00fcr das <em><strong>ECTA Education Program<\/strong><\/em>. <\/p>\n\n\n\n<p>Kalle ist also Caller und Ausbilder in einer Person. Er verf\u00fcgt \u00fcber ein riesiges Repertoire an Songs, und das erweitert er st\u00e4ndig um neue. Mit diesem Repertoire und seiner melodischen Stimme, die immer den Ton trifft, ist er unser Garant f\u00fcr gelungene Clubabende, und als Ausbilder f\u00fchrt er nahezu jede Class zum Erfolg.<\/p>\n\n\n\n<p><\/p>\n","protected":false},"excerpt":{"rendered":"<p>Kalle ist bereits seit 2002 aktiver ECTA-Caller und seit 2008 Certified Leader im EEP-Programm. Die ECTA steht f\u00fcr European Caller &amp; Teacher Association, EEP f\u00fcr das ECTA Education Program. Kalle ist also Caller und Ausbilder in einer Person. Er verf\u00fcgt \u00fcber ein riesiges Repertoire an Songs, und das erweitert er st\u00e4ndig um neue. Mit diesem&hellip; <a href=\"https:\/\/www.earl-bernie-twirlers.de\/?page_id=51\" class=\"more-link\">Weiterlesen <span class=\"screen-reader-text\">Kalle ist unser Caller<\/span><\/a><\/p>\n","protected":false},"author":2,"featured_media":0,"parent":5,"menu_order":0,"comment_status":"closed","ping_status":"closed","template":"","meta":{"footnotes":""},"categories":[13],"tags":[5],"class_list":["post-51","page","type-page","status-publish","hentry","category-verein","tag-caller"],"_links":{"self":[{"href":"https:\/\/www.earl-bernie-twirlers.de\/index.php?rest_route=\/wp\/v2\/pages\/51","targetHints":{"allow":["GET"]}}],"collection":[{"href":"https:\/\/www.earl-bernie-twirlers.de\/index.php?rest_route=\/wp\/v2\/pages"}],"about":[{"href":"https:\/\/www.earl-bernie-twirlers.de\/index.php?rest_route=\/wp\/v2\/types\/page"}],"author":[{"embeddable":true,"href":"https:\/\/www.earl-bernie-twirlers.de\/index.php?rest_route=\/wp\/v2\/users\/2"}],"replies":[{"embeddable":true,"href":"https:\/\/www.earl-bernie-twirlers.de\/index.php?rest_route=%2Fwp%2Fv2%2Fcomments&post=51"}],"version-history":[{"count":3,"href":"https:\/\/www.earl-bernie-twirlers.de\/index.php?rest_route=\/wp\/v2\/pages\/51\/revisions"}],"predecessor-version":[{"id":251,"href":"https:\/\/www.earl-bernie-twirlers.de\/index.php?rest_route=\/wp\/v2\/pages\/51\/revisions\/251"}],"up":[{"embeddable":true,"href":"https:\/\/www.earl-bernie-twirlers.de\/index.php?rest_route=\/wp\/v2\/pages\/5"}],"wp:attachment":[{"href":"https:\/\/www.earl-bernie-twirlers.de\/index.php?rest_route=%2Fwp%2Fv2%2Fmedia&parent=51"}],"wp:term":[{"taxonomy":"category","embeddable":true,"href":"https:\/\/www.earl-bernie-twirlers.de\/index.php?rest_route=%2Fwp%2Fv2%2Fcategories&post=51"},{"taxonomy":"post_tag","embeddable":true,"href":"https:\/\/www.earl-bernie-twirlers.de\/index.php?rest_route=%2Fwp%2Fv2%2Ftags&post=51"}],"curies":[{"name":"wp","href":"https:\/\/api.w.org\/{rel}","templated":true}]}}