{"id":5,"date":"2019-12-06T14:05:04","date_gmt":"2019-12-06T14:05:04","guid":{"rendered":"http:\/\/sqd-test.earl-bernie-twirlers.de\/?page_id=5"},"modified":"2020-04-01T11:41:09","modified_gmt":"2020-04-01T11:41:09","slug":"die-earl-bernie-twirlers","status":"publish","type":"page","link":"https:\/\/www.earl-bernie-twirlers.de\/?page_id=5","title":{"rendered":"Die EARL BERNIE TWIRLERS SDC"},"content":{"rendered":"\n<div class=\"wp-block-image\"><figure class=\"alignright size-large\"><img decoding=\"async\" width=\"175\" height=\"175\" src=\"http:\/\/www.earl-bernie-twirlers.de\/wp-content\/uploads\/2020\/04\/Logo-pur1.gif\" alt=\"\" class=\"wp-image-302\"\/><\/figure><\/div>\n\n\n\n<p>Unser Hobby Square Dance betreiben wir mit Leidenschaft. Wir wollen Euch auf diesen Seiten mit unserem Club bekanntmachen und den Square Dance ein wenig n\u00e4herbringen. <\/p>\n\n\n\n<p>Die Earl Bernie Twirlers haben sich als Club im April 2005 in Lippstadt gegr\u00fcndet. Zur Namensfindung stand Edelherr <em><strong>Bernhard II. zur Lippe <\/strong><\/em>Pate, der als Gr\u00fcnder der Stadt Lippstadt im Jahre 1185 gef\u00fchrt wird. <\/p>\n\n\n\n<p>Die Mitglieder der EARL Bernie Twirlers sind \u00fcber alle Altersgruppen verteilt. Mehrere Teilnehmer hatten damals bei der Volkshochschule Lippstadt das Grundprogramm des Square Dance erlernt. Sp\u00e4ter bot sich die Clubgr\u00fcndung an, um diesem Hobby treu bleiben zu k\u00f6nnen.  <\/p>\n\n\n\n<p>Unser Caller ist Kalle, er hat viele Jahre Erfahrung und verf\u00fcgt \u00fcber ein riesiges Repertoire an Songs. Mehr \u00fcber <a href=\"\/?page_id=51\">Kalle<\/a> hier.<\/p>\n\n\n\n<p>Jeder, der Spa\u00df an rhythmischer Bewegung hat, kann Square Dance aus\u00fcben, \u00fcberall auf der Welt, denn dank weltweit einheitlicher Kommandos gibt es keine L\u00e4ndergrenzen. Zwischen 8 und 80 gibt es auch keine Altersbegrenzung, gesund sollte man sein, und wer einmal damit begonnen hat, bleibt es auch l\u00e4nger.<\/p>\n\n\n\n<p>Wer mehr wissen oder einfach einmal \u00b4reinschnuppern m\u00f6chte, kann jederzeit mit uns Kontakt aufnehmen oder uns einmal besuchen und mittanzen.<\/p>\n","protected":false},"excerpt":{"rendered":"<p>Unser Hobby Square Dance betreiben wir mit Leidenschaft. Wir wollen Euch auf diesen Seiten mit unserem Club bekanntmachen und den Square Dance ein wenig n\u00e4herbringen. Die Earl Bernie Twirlers haben sich als Club im April 2005 in Lippstadt gegr\u00fcndet. Zur Namensfindung stand Edelherr Bernhard II. zur Lippe Pate, der als Gr\u00fcnder der Stadt Lippstadt im&hellip; <a href=\"https:\/\/www.earl-bernie-twirlers.de\/?page_id=5\" class=\"more-link\">Weiterlesen <span class=\"screen-reader-text\">Die EARL BERNIE TWIRLERS SDC<\/span><\/a><\/p>\n","protected":false},"author":2,"featured_media":0,"parent":0,"menu_order":0,"comment_status":"closed","ping_status":"closed","template":"","meta":{"footnotes":""},"categories":[],"tags":[12,6],"class_list":["post-5","page","type-page","status-publish","hentry","tag-geschichte","tag-verein"],"_links":{"self":[{"href":"https:\/\/www.earl-bernie-twirlers.de\/index.php?rest_route=\/wp\/v2\/pages\/5","targetHints":{"allow":["GET"]}}],"collection":[{"href":"https:\/\/www.earl-bernie-twirlers.de\/index.php?rest_route=\/wp\/v2\/pages"}],"about":[{"href":"https:\/\/www.earl-bernie-twirlers.de\/index.php?rest_route=\/wp\/v2\/types\/page"}],"author":[{"embeddable":true,"href":"https:\/\/www.earl-bernie-twirlers.de\/index.php?rest_route=\/wp\/v2\/users\/2"}],"replies":[{"embeddable":true,"href":"https:\/\/www.earl-bernie-twirlers.de\/index.php?rest_route=%2Fwp%2Fv2%2Fcomments&post=5"}],"version-history":[{"count":13,"href":"https:\/\/www.earl-bernie-twirlers.de\/index.php?rest_route=\/wp\/v2\/pages\/5\/revisions"}],"predecessor-version":[{"id":304,"href":"https:\/\/www.earl-bernie-twirlers.de\/index.php?rest_route=\/wp\/v2\/pages\/5\/revisions\/304"}],"wp:attachment":[{"href":"https:\/\/www.earl-bernie-twirlers.de\/index.php?rest_route=%2Fwp%2Fv2%2Fmedia&parent=5"}],"wp:term":[{"taxonomy":"category","embeddable":true,"href":"https:\/\/www.earl-bernie-twirlers.de\/index.php?rest_route=%2Fwp%2Fv2%2Fcategories&post=5"},{"taxonomy":"post_tag","embeddable":true,"href":"https:\/\/www.earl-bernie-twirlers.de\/index.php?rest_route=%2Fwp%2Fv2%2Ftags&post=5"}],"curies":[{"name":"wp","href":"https:\/\/api.w.org\/{rel}","templated":true}]}}