{"id":35,"date":"2019-12-06T15:10:46","date_gmt":"2019-12-06T15:10:46","guid":{"rendered":"http:\/\/sqd-test.earl-bernie-twirlers.de\/?page_id=35"},"modified":"2019-12-07T11:32:53","modified_gmt":"2019-12-07T11:32:53","slug":"impressum","status":"publish","type":"page","link":"https:\/\/www.earl-bernie-twirlers.de\/?page_id=35","title":{"rendered":"Impressum"},"content":{"rendered":"\n<p>EARL BERNIE TWIRLERS SDC e.V. Lippstadt, eingetragener Verein seit 2008 <br>Eingetragen beim Amtsgericht Paderborn unter der Nummer VR 40986  <\/p>\n\n\n\n<div class=\"wp-block-columns is-layout-flex wp-container-core-columns-is-layout-9d6595d7 wp-block-columns-is-layout-flex\">\n<div class=\"wp-block-column is-layout-flow wp-block-column-is-layout-flow\" style=\"flex-basis:16.67%\">\n<p>Vorsitz<br>Anschrift<br><br>Telefon<br>email<br><\/p>\n<\/div>\n\n\n\n<div class=\"wp-block-column is-layout-flow wp-block-column-is-layout-flow\" style=\"flex-basis:50%\">\n<p>Petra Joest<br>Im Schiebenk\u00e4mperfeld 14a, 59597 Erwitte <br>02943-3409 <br><a href=\"\/?page_id=27\">Kontaktformular <\/a>oder mail an<br><a href=\"mailto:info@earl-bernie-twirlers.de\">info@earl-bernie-twirlers.de<\/a><br>Installiertes mail-Programm erforderlich!<\/p>\n<\/div>\n\n\n\n<div class=\"wp-block-column is-layout-flow wp-block-column-is-layout-flow\" style=\"flex-basis:33.33%\"><\/div>\n<\/div>\n\n\n\n<h3 class=\"has-yocto-primary-color has-text-color wp-block-heading\">Verantwortlich f\u00fcr<\/h3>\n\n\n\n<p>Verantwortlich f\u00fcr den <strong><em>Inhalt dieser Website <\/em><\/strong>ist das <a href=\"\/?page_id=42\">Board<\/a><br>Verantwortlich f\u00fcr die <strong><em>Seitengestaltung <\/em><\/strong>ist der <a href=\"\/?page_id=39\">Webmaster<\/a><\/p>\n\n\n\n<p><\/p>\n","protected":false},"excerpt":{"rendered":"<p>EARL BERNIE TWIRLERS SDC e.V. Lippstadt, eingetragener Verein seit 2008 Eingetragen beim Amtsgericht Paderborn unter der Nummer VR 40986 VorsitzAnschrift Telefonemail Petra JoestIm Schiebenk\u00e4mperfeld 14a, 59597 Erwitte 02943-3409 Kontaktformular oder mail aninfo@earl-bernie-twirlers.deInstalliertes mail-Programm erforderlich! Verantwortlich f\u00fcr Verantwortlich f\u00fcr den Inhalt dieser Website ist das BoardVerantwortlich f\u00fcr die Seitengestaltung ist der Webmaster<\/p>\n","protected":false},"author":2,"featured_media":0,"parent":56,"menu_order":0,"comment_status":"closed","ping_status":"closed","template":"","meta":{"footnotes":""},"categories":[13],"tags":[],"class_list":["post-35","page","type-page","status-publish","hentry","category-verein"],"_links":{"self":[{"href":"https:\/\/www.earl-bernie-twirlers.de\/index.php?rest_route=\/wp\/v2\/pages\/35","targetHints":{"allow":["GET"]}}],"collection":[{"href":"https:\/\/www.earl-bernie-twirlers.de\/index.php?rest_route=\/wp\/v2\/pages"}],"about":[{"href":"https:\/\/www.earl-bernie-twirlers.de\/index.php?rest_route=\/wp\/v2\/types\/page"}],"author":[{"embeddable":true,"href":"https:\/\/www.earl-bernie-twirlers.de\/index.php?rest_route=\/wp\/v2\/users\/2"}],"replies":[{"embeddable":true,"href":"https:\/\/www.earl-bernie-twirlers.de\/index.php?rest_route=%2Fwp%2Fv2%2Fcomments&post=35"}],"version-history":[{"count":5,"href":"https:\/\/www.earl-bernie-twirlers.de\/index.php?rest_route=\/wp\/v2\/pages\/35\/revisions"}],"predecessor-version":[{"id":101,"href":"https:\/\/www.earl-bernie-twirlers.de\/index.php?rest_route=\/wp\/v2\/pages\/35\/revisions\/101"}],"up":[{"embeddable":true,"href":"https:\/\/www.earl-bernie-twirlers.de\/index.php?rest_route=\/wp\/v2\/pages\/56"}],"wp:attachment":[{"href":"https:\/\/www.earl-bernie-twirlers.de\/index.php?rest_route=%2Fwp%2Fv2%2Fmedia&parent=35"}],"wp:term":[{"taxonomy":"category","embeddable":true,"href":"https:\/\/www.earl-bernie-twirlers.de\/index.php?rest_route=%2Fwp%2Fv2%2Fcategories&post=35"},{"taxonomy":"post_tag","embeddable":true,"href":"https:\/\/www.earl-bernie-twirlers.de\/index.php?rest_route=%2Fwp%2Fv2%2Ftags&post=35"}],"curies":[{"name":"wp","href":"https:\/\/api.w.org\/{rel}","templated":true}]}}