{"id":25,"date":"2019-12-06T14:42:52","date_gmt":"2019-12-06T14:42:52","guid":{"rendered":"http:\/\/sqd-test.earl-bernie-twirlers.de\/?page_id=25"},"modified":"2019-12-08T09:33:23","modified_gmt":"2019-12-08T09:33:23","slug":"weitere-infos","status":"publish","type":"page","link":"https:\/\/www.earl-bernie-twirlers.de\/?page_id=25","title":{"rendered":"Weitere Infos"},"content":{"rendered":"\n<p>Hier findest Du weitere Informationsquellen au\u00dferhalb unserer Website.<br>Dazu geh\u00f6ren:<\/p>\n\n\n\n<ul class=\"wp-block-list\"><li><a href=\"\/?page_id=132\">Weitere Informationsquellen<\/a> wie Literatur, Apps, Software<\/li><li><a href=\"\/?page_id=158\">Links zu anderen Seiten<\/a>, <br>die sich mit Square Dance befassen &amp; Square Dance Clubs in der N\u00e4he<\/li><li><a href=\"\/?page_id=158\">anderen Clubs in unserer N\u00e4he<\/a><\/li><li><a href=\"\/?page_id=162\">Anschauungsvideos &amp; Flashmobs<\/a><\/li><\/ul>\n\n\n\n<p>Da wir keinerlei Einfluss auf die Inhalte fremder Seiten haben, weisen wir ausdr\u00fccklich darauf hin, dass die EBTs keine Verantwortung f\u00fcr die Inhalte fremder Seiten \u00fcbernehmen k\u00f6nnen. Sollten uns Fehler oder Fehlverhalten auf einer fremden Seite bekannt werden, werden wir den Betreiber der entsprechenden Seite darauf hinweisen.<\/p>\n","protected":false},"excerpt":{"rendered":"<p>Hier findest Du weitere Informationsquellen au\u00dferhalb unserer Website.Dazu geh\u00f6ren: Weitere Informationsquellen wie Literatur, Apps, Software Links zu anderen Seiten, die sich mit Square Dance befassen &amp; Square Dance Clubs in der N\u00e4he anderen Clubs in unserer N\u00e4he Anschauungsvideos &amp; Flashmobs Da wir keinerlei Einfluss auf die Inhalte fremder Seiten haben, weisen wir ausdr\u00fccklich darauf hin,&hellip; <a href=\"https:\/\/www.earl-bernie-twirlers.de\/?page_id=25\" class=\"more-link\">Weiterlesen <span class=\"screen-reader-text\">Weitere Infos<\/span><\/a><\/p>\n","protected":false},"author":2,"featured_media":0,"parent":61,"menu_order":0,"comment_status":"closed","ping_status":"closed","template":"","meta":{"footnotes":""},"categories":[18],"tags":[],"class_list":["post-25","page","type-page","status-publish","hentry","category-extern"],"_links":{"self":[{"href":"https:\/\/www.earl-bernie-twirlers.de\/index.php?rest_route=\/wp\/v2\/pages\/25","targetHints":{"allow":["GET"]}}],"collection":[{"href":"https:\/\/www.earl-bernie-twirlers.de\/index.php?rest_route=\/wp\/v2\/pages"}],"about":[{"href":"https:\/\/www.earl-bernie-twirlers.de\/index.php?rest_route=\/wp\/v2\/types\/page"}],"author":[{"embeddable":true,"href":"https:\/\/www.earl-bernie-twirlers.de\/index.php?rest_route=\/wp\/v2\/users\/2"}],"replies":[{"embeddable":true,"href":"https:\/\/www.earl-bernie-twirlers.de\/index.php?rest_route=%2Fwp%2Fv2%2Fcomments&post=25"}],"version-history":[{"count":5,"href":"https:\/\/www.earl-bernie-twirlers.de\/index.php?rest_route=\/wp\/v2\/pages\/25\/revisions"}],"predecessor-version":[{"id":204,"href":"https:\/\/www.earl-bernie-twirlers.de\/index.php?rest_route=\/wp\/v2\/pages\/25\/revisions\/204"}],"up":[{"embeddable":true,"href":"https:\/\/www.earl-bernie-twirlers.de\/index.php?rest_route=\/wp\/v2\/pages\/61"}],"wp:attachment":[{"href":"https:\/\/www.earl-bernie-twirlers.de\/index.php?rest_route=%2Fwp%2Fv2%2Fmedia&parent=25"}],"wp:term":[{"taxonomy":"category","embeddable":true,"href":"https:\/\/www.earl-bernie-twirlers.de\/index.php?rest_route=%2Fwp%2Fv2%2Fcategories&post=25"},{"taxonomy":"post_tag","embeddable":true,"href":"https:\/\/www.earl-bernie-twirlers.de\/index.php?rest_route=%2Fwp%2Fv2%2Ftags&post=25"}],"curies":[{"name":"wp","href":"https:\/\/api.w.org\/{rel}","templated":true}]}}