{"id":182,"date":"2019-12-07T15:18:39","date_gmt":"2019-12-07T15:18:39","guid":{"rendered":"http:\/\/wp-web.earl-bernie-twirlers.de\/?page_id=182"},"modified":"2019-12-18T11:14:20","modified_gmt":"2019-12-18T11:14:20","slug":"fruehere-veranstaltungen","status":"publish","type":"page","link":"https:\/\/www.earl-bernie-twirlers.de\/?page_id=182","title":{"rendered":"Fr\u00fchere Veranstaltungen"},"content":{"rendered":"\n<p>Hier berichten wir mit Wort, Bild und Ton \u00fcber fr\u00fchere Veranstaltungen.<br>Es\n werden nur Personen dargestellt, die der Aufnahme zugestimmt haben \n(z.B. Mitrglieder des Vereins) oder es handelt sich um Veranstaltungen \nmit \u00f6ffentlichem Charakter, wo die Teilneher sich ausdr\u00fccklich mit der \nAufnahme des Bildmaterials einverstanden erkl\u00e4rt haben. <\/p>\n\n\n\n<ul class=\"wp-block-list\"><li><a href=\"\/?page_id=186\">Graduation 2018<\/a><\/li><li><a href=\"\/?page_id=180\">Jubil\u00e4um 2015<\/a><\/li><\/ul>\n\n\n\n<p><\/p>\n","protected":false},"excerpt":{"rendered":"<p>Hier berichten wir mit Wort, Bild und Ton \u00fcber fr\u00fchere Veranstaltungen.Es werden nur Personen dargestellt, die der Aufnahme zugestimmt haben (z.B. Mitrglieder des Vereins) oder es handelt sich um Veranstaltungen mit \u00f6ffentlichem Charakter, wo die Teilneher sich ausdr\u00fccklich mit der Aufnahme des Bildmaterials einverstanden erkl\u00e4rt haben. Graduation 2018 Jubil\u00e4um 2015<\/p>\n","protected":false},"author":2,"featured_media":0,"parent":80,"menu_order":0,"comment_status":"closed","ping_status":"closed","template":"","meta":{"footnotes":""},"categories":[],"tags":[],"class_list":["post-182","page","type-page","status-publish","hentry"],"_links":{"self":[{"href":"https:\/\/www.earl-bernie-twirlers.de\/index.php?rest_route=\/wp\/v2\/pages\/182","targetHints":{"allow":["GET"]}}],"collection":[{"href":"https:\/\/www.earl-bernie-twirlers.de\/index.php?rest_route=\/wp\/v2\/pages"}],"about":[{"href":"https:\/\/www.earl-bernie-twirlers.de\/index.php?rest_route=\/wp\/v2\/types\/page"}],"author":[{"embeddable":true,"href":"https:\/\/www.earl-bernie-twirlers.de\/index.php?rest_route=\/wp\/v2\/users\/2"}],"replies":[{"embeddable":true,"href":"https:\/\/www.earl-bernie-twirlers.de\/index.php?rest_route=%2Fwp%2Fv2%2Fcomments&post=182"}],"version-history":[{"count":7,"href":"https:\/\/www.earl-bernie-twirlers.de\/index.php?rest_route=\/wp\/v2\/pages\/182\/revisions"}],"predecessor-version":[{"id":258,"href":"https:\/\/www.earl-bernie-twirlers.de\/index.php?rest_route=\/wp\/v2\/pages\/182\/revisions\/258"}],"up":[{"embeddable":true,"href":"https:\/\/www.earl-bernie-twirlers.de\/index.php?rest_route=\/wp\/v2\/pages\/80"}],"wp:attachment":[{"href":"https:\/\/www.earl-bernie-twirlers.de\/index.php?rest_route=%2Fwp%2Fv2%2Fmedia&parent=182"}],"wp:term":[{"taxonomy":"category","embeddable":true,"href":"https:\/\/www.earl-bernie-twirlers.de\/index.php?rest_route=%2Fwp%2Fv2%2Fcategories&post=182"},{"taxonomy":"post_tag","embeddable":true,"href":"https:\/\/www.earl-bernie-twirlers.de\/index.php?rest_route=%2Fwp%2Fv2%2Ftags&post=182"}],"curies":[{"name":"wp","href":"https:\/\/api.w.org\/{rel}","templated":true}]}}