{"id":162,"date":"2019-12-07T11:12:59","date_gmt":"2019-12-07T11:12:59","guid":{"rendered":"http:\/\/wp-web.earl-bernie-twirlers.de\/?page_id=162"},"modified":"2019-12-08T09:40:59","modified_gmt":"2019-12-08T09:40:59","slug":"anschauungsvideos-und-flashmobs","status":"publish","type":"page","link":"https:\/\/www.earl-bernie-twirlers.de\/?page_id=162","title":{"rendered":"Videos &#038; Flashmobs"},"content":{"rendered":"\n<p>Hier haben wir einige Square Dance Videos zusammengestellt.<\/p>\n\n\n\n<p><strong>Bitte beachten: <\/strong><br>Die Links auf dieser Seite verweisen auf Videos unter YouTube. Die jeweiligen Beitr\u00e4ge werden unter Youtube in einem neuen  Browsers-Tab ge\u00f6ffnet.  <\/p>\n\n\n\n<h4 class=\"wp-block-heading\">Clubtanzen<\/h4>\n\n\n\n<ul class=\"wp-block-list\"><li><a rel=\"noreferrer noopener\" aria-label=\"\u00dcber den Wolken (\u00f6ffnet in neuem Tab)\" href=\"https:\/\/www.youtube.com\/watch?v=FGNnQQy2O7E\" target=\"_blank\">\u00dcber den Wolken<\/a> (Wien 2013, 2:28 min)<\/li><li><a rel=\"noreferrer noopener\" aria-label=\"In Hamburg wird getanzt  (\u00f6ffnet in neuem Tab)\" href=\"https:\/\/www.youtube.com\/watch?v=s8iE04ExOUs\" target=\"_blank\">In Hamburg wird getanzt<\/a> (NDR Hamburg Journal, Juni 2018, 4:00 min)<\/li><\/ul>\n\n\n\n<h4 class=\"wp-block-heading\">Flashmobs<\/h4>\n\n\n\n<p>Flashmobs sind allgemein beliebt, was wohl auf die Spontanit\u00e4t der Varanstaltung, den meist ungew\u00f6hnlichen Veranstaltungsort und die Verbl\u00fcfftheit Unbeteiligter zur\u00fcckzuf\u00fchren ist. Deahalb werden weltweit auch von Square Dancern gerne Flashmobs organisiert. Hier einige Beispiele:<br>Quelle: YouTube<\/p>\n\n\n\n<ul class=\"wp-block-list\"><li><a rel=\"noreferrer noopener\" href=\"https:\/\/www.youtube.com\/watch?v=0y_hC4ITwyo\" target=\"_blank\">2014 Kopenhagen<\/a> <\/li><li><a rel=\"noreferrer noopener\" href=\"https:\/\/www.youtube.com\/watch?v=DVyH7yqVS8o\" target=\"_blank\">2013 Canada<\/a><\/li><li><a rel=\"noreferrer noopener\" href=\"https:\/\/www.youtube.com\/watch?v=2aqVlrlQ4v4\" target=\"_blank\">2013 Stuttgart<\/a><\/li><li><a rel=\"noreferrer noopener\" href=\"https:\/\/www.youtube.com\/watch?v=_5Um2Kjnsm4\" target=\"_blank\">2012 Florida<\/a><\/li><li><a rel=\"noreferrer noopener\" href=\"https:\/\/www.youtube.com\/watch?v=C23pR-rPirM\" target=\"_blank\">2011 Ruhr Park Bochum<\/a><\/li><\/ul>\n","protected":false},"excerpt":{"rendered":"<p>Hier haben wir einige Square Dance Videos zusammengestellt. Bitte beachten: Die Links auf dieser Seite verweisen auf Videos unter YouTube. Die jeweiligen Beitr\u00e4ge werden unter Youtube in einem neuen Browsers-Tab ge\u00f6ffnet. Clubtanzen \u00dcber den Wolken (Wien 2013, 2:28 min) In Hamburg wird getanzt (NDR Hamburg Journal, Juni 2018, 4:00 min) Flashmobs Flashmobs sind allgemein beliebt,&hellip; <a href=\"https:\/\/www.earl-bernie-twirlers.de\/?page_id=162\" class=\"more-link\">Weiterlesen <span class=\"screen-reader-text\">Videos &#038; Flashmobs<\/span><\/a><\/p>\n","protected":false},"author":2,"featured_media":0,"parent":25,"menu_order":0,"comment_status":"closed","ping_status":"closed","template":"","meta":{"footnotes":""},"categories":[18],"tags":[10],"class_list":["post-162","page","type-page","status-publish","hentry","category-extern","tag-links"],"_links":{"self":[{"href":"https:\/\/www.earl-bernie-twirlers.de\/index.php?rest_route=\/wp\/v2\/pages\/162","targetHints":{"allow":["GET"]}}],"collection":[{"href":"https:\/\/www.earl-bernie-twirlers.de\/index.php?rest_route=\/wp\/v2\/pages"}],"about":[{"href":"https:\/\/www.earl-bernie-twirlers.de\/index.php?rest_route=\/wp\/v2\/types\/page"}],"author":[{"embeddable":true,"href":"https:\/\/www.earl-bernie-twirlers.de\/index.php?rest_route=\/wp\/v2\/users\/2"}],"replies":[{"embeddable":true,"href":"https:\/\/www.earl-bernie-twirlers.de\/index.php?rest_route=%2Fwp%2Fv2%2Fcomments&post=162"}],"version-history":[{"count":5,"href":"https:\/\/www.earl-bernie-twirlers.de\/index.php?rest_route=\/wp\/v2\/pages\/162\/revisions"}],"predecessor-version":[{"id":208,"href":"https:\/\/www.earl-bernie-twirlers.de\/index.php?rest_route=\/wp\/v2\/pages\/162\/revisions\/208"}],"up":[{"embeddable":true,"href":"https:\/\/www.earl-bernie-twirlers.de\/index.php?rest_route=\/wp\/v2\/pages\/25"}],"wp:attachment":[{"href":"https:\/\/www.earl-bernie-twirlers.de\/index.php?rest_route=%2Fwp%2Fv2%2Fmedia&parent=162"}],"wp:term":[{"taxonomy":"category","embeddable":true,"href":"https:\/\/www.earl-bernie-twirlers.de\/index.php?rest_route=%2Fwp%2Fv2%2Fcategories&post=162"},{"taxonomy":"post_tag","embeddable":true,"href":"https:\/\/www.earl-bernie-twirlers.de\/index.php?rest_route=%2Fwp%2Fv2%2Ftags&post=162"}],"curies":[{"name":"wp","href":"https:\/\/api.w.org\/{rel}","templated":true}]}}