{"id":158,"date":"2019-12-07T11:05:15","date_gmt":"2019-12-07T11:05:15","guid":{"rendered":"http:\/\/wp-web.earl-bernie-twirlers.de\/?page_id=158"},"modified":"2021-11-06T15:04:07","modified_gmt":"2021-11-06T15:04:07","slug":"weiterfuehrende-links","status":"publish","type":"page","link":"https:\/\/www.earl-bernie-twirlers.de\/?page_id=158","title":{"rendered":"Weiterf\u00fchrende Links"},"content":{"rendered":"\n<h4 class=\"wp-block-heading\">Allgemeine Infos<\/h4>\n\n\n\n<p><strong>Bitte beachten: <\/strong><br>Alle Links auf dieser Seite werden jeweils in einem anderen Browser-Tab ge\u00f6ffnet.<\/p>\n\n\n\n<p>Zum Thema Square Dance gibt es viele Informationen im Netz. <br>Hier eine kleine Auswahl:<\/p>\n\n\n\n<ul class=\"wp-block-list\"><li><a rel=\"noreferrer noopener\" aria-label=\"Square Dance  (\u00f6ffnet in neuem Tab)\" href=\"http:\/\/squaredance.net\/de\/\" target=\"_blank\">Square Dance<\/a> &#8211; Infos f\u00fcr T\u00e4nzer und Einsteiger<\/li><li><a href=\"http:\/\/square-dancing-deutsch.de\/\" target=\"_blank\" rel=\"noreferrer noopener\" aria-label=\" (\u00f6ffnet in neuem Tab)\">Square-Dancing-Deutsch<\/a> &#8211; Informationen von Rudi Mennes<\/li><\/ul>\n\n\n\n<h4 class=\"wp-block-heading\">Andere Square Dance Clubs in der N\u00e4he<\/h4>\n\n\n\n<p>Hier die Links zu einer zuf\u00e4lligen Auswahl von Square Dance Clubs in unserer N\u00e4he. <\/p>\n\n\n\n<ul class=\"wp-block-list\"><li><a rel=\"noreferrer noopener\" aria-label=\" (\u00f6ffnet in neuem Tab)\" href=\"http:\/\/pumpernickels-soest.de\/\" target=\"_blank\">Pumpernikels<\/a>, Soest<\/li><li><a rel=\"noreferrer noopener\" aria-label=\"Lippe Roses (\u00f6ffnet in neuem Tab)\" href=\"http:\/\/lippe-roses.online\/\" target=\"_blank\">Lippe Roses<\/a>, Br\u00fcntrup<\/li><li><a rel=\"noreferrer noopener\" aria-label=\"Pader Jumpers (\u00f6ffnet in neuem Tab)\" href=\"http:\/\/paderjumpers.de\/\" target=\"_blank\">Pader Jumpers<\/a>, Paderborn<\/li><li><a rel=\"noreferrer noopener\" aria-label=\" (\u00f6ffnet in neuem Tab)\" href=\"http:\/\/hammer-squaredance.jimdo.com\/\" target=\"_blank\">Hammer Square Dance Club<\/a>, Hamm<\/li><li><a rel=\"noreferrer noopener\" aria-label=\"Iburg Druids (\u00f6ffnet in neuem Tab)\" href=\"http:\/\/iburg-druids-square-dance.jimdo.com\/\" target=\"_blank\">Iburg Druids<\/a>, Bad Driburg<\/li><\/ul>\n\n\n\n<p>Sollte sich jemand benachteiligt f\u00fchlen und unbedingt hier aufgef\u00fchrt werden wollen, bitte einfach bei uns melden.<\/p>\n\n\n\n<p>F\u00fcr den Inhalt fremder Seiten ist der jeweilige Webbetreiber verantwortlich, die Earl-Bernie-Twirlers haben darauf keinen Einfluss. Bei Bekanntwerden von Fehlern oder Verst\u00f6\u00dfen auf einer fremden Seite werden wir den Betreiber der entsprechenden Seite darauf hinweisen. <\/p>\n\n\n<p><!--EndFragment--><\/p>","protected":false},"excerpt":{"rendered":"<p>Allgemeine Infos Bitte beachten: Alle Links auf dieser Seite werden jeweils in einem anderen Browser-Tab ge\u00f6ffnet. Zum Thema Square Dance gibt es viele Informationen im Netz. Hier eine kleine Auswahl: Square Dance &#8211; Infos f\u00fcr T\u00e4nzer und Einsteiger Square-Dancing-Deutsch &#8211; Informationen von Rudi Mennes Andere Square Dance Clubs in der N\u00e4he Hier die Links zu&hellip; <a href=\"https:\/\/www.earl-bernie-twirlers.de\/?page_id=158\" class=\"more-link\">Weiterlesen <span class=\"screen-reader-text\">Weiterf\u00fchrende Links<\/span><\/a><\/p>\n","protected":false},"author":2,"featured_media":0,"parent":25,"menu_order":0,"comment_status":"closed","ping_status":"closed","template":"","meta":{"footnotes":""},"categories":[18],"tags":[22,10,23],"class_list":["post-158","page","type-page","status-publish","hentry","category-extern","tag-flashmob","tag-links","tag-video"],"_links":{"self":[{"href":"https:\/\/www.earl-bernie-twirlers.de\/index.php?rest_route=\/wp\/v2\/pages\/158","targetHints":{"allow":["GET"]}}],"collection":[{"href":"https:\/\/www.earl-bernie-twirlers.de\/index.php?rest_route=\/wp\/v2\/pages"}],"about":[{"href":"https:\/\/www.earl-bernie-twirlers.de\/index.php?rest_route=\/wp\/v2\/types\/page"}],"author":[{"embeddable":true,"href":"https:\/\/www.earl-bernie-twirlers.de\/index.php?rest_route=\/wp\/v2\/users\/2"}],"replies":[{"embeddable":true,"href":"https:\/\/www.earl-bernie-twirlers.de\/index.php?rest_route=%2Fwp%2Fv2%2Fcomments&post=158"}],"version-history":[{"count":10,"href":"https:\/\/www.earl-bernie-twirlers.de\/index.php?rest_route=\/wp\/v2\/pages\/158\/revisions"}],"predecessor-version":[{"id":346,"href":"https:\/\/www.earl-bernie-twirlers.de\/index.php?rest_route=\/wp\/v2\/pages\/158\/revisions\/346"}],"up":[{"embeddable":true,"href":"https:\/\/www.earl-bernie-twirlers.de\/index.php?rest_route=\/wp\/v2\/pages\/25"}],"wp:attachment":[{"href":"https:\/\/www.earl-bernie-twirlers.de\/index.php?rest_route=%2Fwp%2Fv2%2Fmedia&parent=158"}],"wp:term":[{"taxonomy":"category","embeddable":true,"href":"https:\/\/www.earl-bernie-twirlers.de\/index.php?rest_route=%2Fwp%2Fv2%2Fcategories&post=158"},{"taxonomy":"post_tag","embeddable":true,"href":"https:\/\/www.earl-bernie-twirlers.de\/index.php?rest_route=%2Fwp%2Fv2%2Ftags&post=158"}],"curies":[{"name":"wp","href":"https:\/\/api.w.org\/{rel}","templated":true}]}}