{"id":132,"date":"2019-12-07T09:16:01","date_gmt":"2019-12-07T09:16:01","guid":{"rendered":"http:\/\/wp-web.earl-bernie-twirlers.de\/?page_id=132"},"modified":"2019-12-10T15:05:14","modified_gmt":"2019-12-10T15:05:14","slug":"literatur-apps-co","status":"publish","type":"page","link":"https:\/\/www.earl-bernie-twirlers.de\/?page_id=132","title":{"rendered":"Literatur, Apps &#038; Co."},"content":{"rendered":"\n<p>Es gibt zahlreiche Hilfsmittel, die Dir beim Lernen der Square Dance Figuren helfen k\u00f6nnen. Dazu z\u00e4hlen B\u00fccher, Apps, Software und andere. Wir wollen hier niemand mit zu vielen Infos erschlagen. Deshalb f\u00fchren wir die Hilfsmittel auf, die wir bei unserer Ausbildung verwenden, um schnelle Lernerfolge sicherzustellen.<\/p>\n\n\n\n<h4 class=\"wp-block-heading\"> Square Dancing Deutsch (Fibel) <\/h4>\n\n\n\n<div class=\"wp-block-image\"><figure class=\"alignleft size-large is-resized\"><img decoding=\"async\" src=\"http:\/\/wp-web.earl-bernie-twirlers.de\/wp-content\/uploads\/2019\/12\/fibel.jpg\" alt=\"\" class=\"wp-image-15\" width=\"148\" height=\"182\" srcset=\"https:\/\/www.earl-bernie-twirlers.de\/wp-content\/uploads\/2019\/12\/fibel.jpg 407w, https:\/\/www.earl-bernie-twirlers.de\/wp-content\/uploads\/2019\/12\/fibel-244x300.jpg 244w\" sizes=\"(max-width: 148px) 100vw, 148px\" \/><\/figure><\/div>\n\n\n\n<p>Dieses Buch von Rudi Mennes liegt unserer Ausbildung zu Grunde und beinhaltet \u00fcbersichtlich alle Figuren mit leicht verst\u00e4ndlichen Beschreibungen und die Verhaltensregeln.<\/p>\n\n\n\n<p>Auf seiner Homepage <strong>http:\/\/square-dancing-deutsch.de<\/strong> findet man genaueres zu den Bestellm\u00f6glichkeiten. Ab 2020 wird Rudi die Betreuung an seinen Sohn Rainer weitergeben.<\/p>\n\n\n\n<div class=\"wp-block-image\"><figure class=\"alignright size-large\"><img decoding=\"async\" width=\"140\" height=\"200\" src=\"http:\/\/wp-web.earl-bernie-twirlers.de\/wp-content\/uploads\/2019\/12\/taminations-e1575715029333.jpg\" alt=\"\" class=\"wp-image-150\"\/><\/figure><\/div>\n\n\n\n<h4 class=\"wp-block-heading\">Taminations (App)<\/h4>\n\n\n\n<p>Diese Anwendung zeigt Dir sehr anschaulich z.B. auf dem Smartphone alle Square-Dance-Figuren in ihrem Ablauf. So kann man sich jede Tanzfigur gut vorstellen. Die App kann \u00fcber die \u00fcblichen App-Stores bezogen werden.<\/p>\n","protected":false},"excerpt":{"rendered":"<p>Es gibt zahlreiche Hilfsmittel, die Dir beim Lernen der Square Dance Figuren helfen k\u00f6nnen. Dazu z\u00e4hlen B\u00fccher, Apps, Software und andere. Wir wollen hier niemand mit zu vielen Infos erschlagen. Deshalb f\u00fchren wir die Hilfsmittel auf, die wir bei unserer Ausbildung verwenden, um schnelle Lernerfolge sicherzustellen. Square Dancing Deutsch (Fibel) Dieses Buch von Rudi Mennes&hellip; <a href=\"https:\/\/www.earl-bernie-twirlers.de\/?page_id=132\" class=\"more-link\">Weiterlesen <span class=\"screen-reader-text\">Literatur, Apps &#038; Co.<\/span><\/a><\/p>\n","protected":false},"author":2,"featured_media":0,"parent":25,"menu_order":0,"comment_status":"closed","ping_status":"closed","template":"","meta":{"footnotes":""},"categories":[18],"tags":[9,8],"class_list":["post-132","page","type-page","status-publish","hentry","category-extern","tag-apps","tag-literatur"],"_links":{"self":[{"href":"https:\/\/www.earl-bernie-twirlers.de\/index.php?rest_route=\/wp\/v2\/pages\/132","targetHints":{"allow":["GET"]}}],"collection":[{"href":"https:\/\/www.earl-bernie-twirlers.de\/index.php?rest_route=\/wp\/v2\/pages"}],"about":[{"href":"https:\/\/www.earl-bernie-twirlers.de\/index.php?rest_route=\/wp\/v2\/types\/page"}],"author":[{"embeddable":true,"href":"https:\/\/www.earl-bernie-twirlers.de\/index.php?rest_route=\/wp\/v2\/users\/2"}],"replies":[{"embeddable":true,"href":"https:\/\/www.earl-bernie-twirlers.de\/index.php?rest_route=%2Fwp%2Fv2%2Fcomments&post=132"}],"version-history":[{"count":16,"href":"https:\/\/www.earl-bernie-twirlers.de\/index.php?rest_route=\/wp\/v2\/pages\/132\/revisions"}],"predecessor-version":[{"id":244,"href":"https:\/\/www.earl-bernie-twirlers.de\/index.php?rest_route=\/wp\/v2\/pages\/132\/revisions\/244"}],"up":[{"embeddable":true,"href":"https:\/\/www.earl-bernie-twirlers.de\/index.php?rest_route=\/wp\/v2\/pages\/25"}],"wp:attachment":[{"href":"https:\/\/www.earl-bernie-twirlers.de\/index.php?rest_route=%2Fwp%2Fv2%2Fmedia&parent=132"}],"wp:term":[{"taxonomy":"category","embeddable":true,"href":"https:\/\/www.earl-bernie-twirlers.de\/index.php?rest_route=%2Fwp%2Fv2%2Fcategories&post=132"},{"taxonomy":"post_tag","embeddable":true,"href":"https:\/\/www.earl-bernie-twirlers.de\/index.php?rest_route=%2Fwp%2Fv2%2Ftags&post=132"}],"curies":[{"name":"wp","href":"https:\/\/api.w.org\/{rel}","templated":true}]}}