{"id":127,"date":"2019-12-07T08:56:20","date_gmt":"2019-12-07T08:56:20","guid":{"rendered":"http:\/\/wp-web.earl-bernie-twirlers.de\/?page_id=127"},"modified":"2019-12-07T11:33:21","modified_gmt":"2019-12-07T11:33:21","slug":"die-graduation","status":"publish","type":"page","link":"https:\/\/www.earl-bernie-twirlers.de\/?page_id=127","title":{"rendered":"Die Graduation"},"content":{"rendered":"\n<p>Der Einstieg in die Welt der Square Dance f\u00fchrt \u00fcber eine Grundausbildung, und diese endet mit der Graduation. Die Graduation ist eine feierliche Veranstaltung, in der die T\u00e4nzer zeigen k\u00f6nnen, was sie alles gelernt haben. Abgeschlossen wird die Graduation mit der \u00dcberreichung eines Zertifikats, und damit wird die Class aufgel\u00f6st und alle sind ab jetzt Square Dancer.<\/p>\n\n\n\n<p>\u00dcber Einzelheiten einer Graduation darf nicht viel berichtet werden, aber so viel sei hier verraten. Die neuen T\u00e4nzer sollten die allgemeinen Verhaltensregeln f\u00fcr Square Dancer kennen und k\u00f6nnen sich auf ein paar \u00dcberraschungen freuen. Aber in erster Linie wird auf dieser Veranstaltung getanzt und dabei haben alle eine Menge Spa\u00df und Freude. <\/p>\n\n\n\n<p>Ach ja, eines fehlt noch! <br>Der Caller, der die Class monatelang gefordert hat, darf heute auch sein Fett wegbekommen. Daf\u00fcr darf sich die Class etwas besonders Lustiges ausdenken, und der Caller muss dies auch umsetzen. Wie gesagt, Alle sollen Spa\u00df und Freude an dieser Veranstaltung haben&#8230;<\/p>\n","protected":false},"excerpt":{"rendered":"<p>Der Einstieg in die Welt der Square Dance f\u00fchrt \u00fcber eine Grundausbildung, und diese endet mit der Graduation. Die Graduation ist eine feierliche Veranstaltung, in der die T\u00e4nzer zeigen k\u00f6nnen, was sie alles gelernt haben. Abgeschlossen wird die Graduation mit der \u00dcberreichung eines Zertifikats, und damit wird die Class aufgel\u00f6st und alle sind ab jetzt&hellip; <a href=\"https:\/\/www.earl-bernie-twirlers.de\/?page_id=127\" class=\"more-link\">Weiterlesen <span class=\"screen-reader-text\">Die Graduation<\/span><\/a><\/p>\n","protected":false},"author":2,"featured_media":0,"parent":61,"menu_order":0,"comment_status":"closed","ping_status":"closed","template":"","meta":{"footnotes":""},"categories":[14],"tags":[3,4],"class_list":["post-127","page","type-page","status-publish","hentry","category-square-dance","tag-ausbildung","tag-education"],"_links":{"self":[{"href":"https:\/\/www.earl-bernie-twirlers.de\/index.php?rest_route=\/wp\/v2\/pages\/127","targetHints":{"allow":["GET"]}}],"collection":[{"href":"https:\/\/www.earl-bernie-twirlers.de\/index.php?rest_route=\/wp\/v2\/pages"}],"about":[{"href":"https:\/\/www.earl-bernie-twirlers.de\/index.php?rest_route=\/wp\/v2\/types\/page"}],"author":[{"embeddable":true,"href":"https:\/\/www.earl-bernie-twirlers.de\/index.php?rest_route=\/wp\/v2\/users\/2"}],"replies":[{"embeddable":true,"href":"https:\/\/www.earl-bernie-twirlers.de\/index.php?rest_route=%2Fwp%2Fv2%2Fcomments&post=127"}],"version-history":[{"count":2,"href":"https:\/\/www.earl-bernie-twirlers.de\/index.php?rest_route=\/wp\/v2\/pages\/127\/revisions"}],"predecessor-version":[{"id":169,"href":"https:\/\/www.earl-bernie-twirlers.de\/index.php?rest_route=\/wp\/v2\/pages\/127\/revisions\/169"}],"up":[{"embeddable":true,"href":"https:\/\/www.earl-bernie-twirlers.de\/index.php?rest_route=\/wp\/v2\/pages\/61"}],"wp:attachment":[{"href":"https:\/\/www.earl-bernie-twirlers.de\/index.php?rest_route=%2Fwp%2Fv2%2Fmedia&parent=127"}],"wp:term":[{"taxonomy":"category","embeddable":true,"href":"https:\/\/www.earl-bernie-twirlers.de\/index.php?rest_route=%2Fwp%2Fv2%2Fcategories&post=127"},{"taxonomy":"post_tag","embeddable":true,"href":"https:\/\/www.earl-bernie-twirlers.de\/index.php?rest_route=%2Fwp%2Fv2%2Ftags&post=127"}],"curies":[{"name":"wp","href":"https:\/\/api.w.org\/{rel}","templated":true}]}}