{"id":124,"date":"2019-12-07T08:55:10","date_gmt":"2019-12-07T08:55:10","guid":{"rendered":"http:\/\/wp-web.earl-bernie-twirlers.de\/?page_id=124"},"modified":"2021-11-01T20:31:40","modified_gmt":"2021-11-01T20:31:40","slug":"square-dance-lernen","status":"publish","type":"page","link":"https:\/\/www.earl-bernie-twirlers.de\/?page_id=124","title":{"rendered":"Square Dance lernen"},"content":{"rendered":"\n<h4 class=\"wp-block-heading\">Die Class<\/h4>\n\n\n\n<p>Square Dance wird nach weltweit einheitlichen Kommandos getanzt. Diese Kommandos m\u00fcssen nat\u00fcrlich von den T\u00e4nzern verstanden und richtig ausgef\u00fchrt werden. Daher beginnt jeder Square Dancer mit einer Ausbildung. Alle neuen T\u00e4nzer bilden dabei die sogenannte <em><strong>Class<\/strong><\/em>. Abgeschlossen wird diese Ausbildung mit einer Pr\u00fcfung, der <a href=\"\/?page_id=124\">Graduation<\/a>.<\/p>\n\n\n\n<h4 class=\"wp-block-heading\">Verschiedene Stufen<\/h4>\n\n\n\n<p>Im Square Dance gibt es unterschiedliche Schwierigkeitsstufen. Wir tanzen bei den Earl Bernie Twirlers den Mainstream, die Ausbildung dazu erstreckt sich auf die Stufen <strong><em>Basic 1<\/em><\/strong>, <em><strong>Basic 2 <\/strong><\/em>und <em><strong>Mainstream<\/strong><\/em>. Dar\u00fcber hinaus gibt es weitere spezielle Steigerungen f\u00fcr Fortgeschrittene, die aber in unserem Club nicht getanzt werden.<\/p>\n\n\n\n<p>Wir bilden das <strong><em>Mainstream Programm<\/em> <\/strong>aus, und das auch wieder aktuell in 2020. Dazu veranstalten wir auch wieder spezielle <a href=\"\/?page_id=46\">Kennenlerntage<\/a>. Unser Caller Kalle ist gleichzeitig auch unser Ausbilder. Unsere Angels sind Helfer und begleiten die neuen T\u00e4nzer. Sie stehen Ihnen \u00fcber die gesamte Lernzeit mit Rat und Tat zur Seite. <\/p>\n","protected":false},"excerpt":{"rendered":"<p>Die Class Square Dance wird nach weltweit einheitlichen Kommandos getanzt. Diese Kommandos m\u00fcssen nat\u00fcrlich von den T\u00e4nzern verstanden und richtig ausgef\u00fchrt werden. Daher beginnt jeder Square Dancer mit einer Ausbildung. Alle neuen T\u00e4nzer bilden dabei die sogenannte Class. Abgeschlossen wird diese Ausbildung mit einer Pr\u00fcfung, der Graduation. Verschiedene Stufen Im Square Dance gibt es unterschiedliche&hellip; <a href=\"https:\/\/www.earl-bernie-twirlers.de\/?page_id=124\" class=\"more-link\">Weiterlesen <span class=\"screen-reader-text\">Square Dance lernen<\/span><\/a><\/p>\n","protected":false},"author":2,"featured_media":0,"parent":61,"menu_order":0,"comment_status":"closed","ping_status":"closed","template":"","meta":{"footnotes":""},"categories":[14],"tags":[3,7,4],"class_list":["post-124","page","type-page","status-publish","hentry","category-square-dance","tag-ausbildung","tag-class","tag-education"],"_links":{"self":[{"href":"https:\/\/www.earl-bernie-twirlers.de\/index.php?rest_route=\/wp\/v2\/pages\/124","targetHints":{"allow":["GET"]}}],"collection":[{"href":"https:\/\/www.earl-bernie-twirlers.de\/index.php?rest_route=\/wp\/v2\/pages"}],"about":[{"href":"https:\/\/www.earl-bernie-twirlers.de\/index.php?rest_route=\/wp\/v2\/types\/page"}],"author":[{"embeddable":true,"href":"https:\/\/www.earl-bernie-twirlers.de\/index.php?rest_route=\/wp\/v2\/users\/2"}],"replies":[{"embeddable":true,"href":"https:\/\/www.earl-bernie-twirlers.de\/index.php?rest_route=%2Fwp%2Fv2%2Fcomments&post=124"}],"version-history":[{"count":7,"href":"https:\/\/www.earl-bernie-twirlers.de\/index.php?rest_route=\/wp\/v2\/pages\/124\/revisions"}],"predecessor-version":[{"id":412,"href":"https:\/\/www.earl-bernie-twirlers.de\/index.php?rest_route=\/wp\/v2\/pages\/124\/revisions\/412"}],"up":[{"embeddable":true,"href":"https:\/\/www.earl-bernie-twirlers.de\/index.php?rest_route=\/wp\/v2\/pages\/61"}],"wp:attachment":[{"href":"https:\/\/www.earl-bernie-twirlers.de\/index.php?rest_route=%2Fwp%2Fv2%2Fmedia&parent=124"}],"wp:term":[{"taxonomy":"category","embeddable":true,"href":"https:\/\/www.earl-bernie-twirlers.de\/index.php?rest_route=%2Fwp%2Fv2%2Fcategories&post=124"},{"taxonomy":"post_tag","embeddable":true,"href":"https:\/\/www.earl-bernie-twirlers.de\/index.php?rest_route=%2Fwp%2Fv2%2Ftags&post=124"}],"curies":[{"name":"wp","href":"https:\/\/api.w.org\/{rel}","templated":true}]}}